{"id":450,"date":"2023-05-31T06:33:08","date_gmt":"2023-05-31T06:33:08","guid":{"rendered":"https:\/\/renadep.com\/renadep_r\/index.php\/login\/"},"modified":"2023-06-02T05:33:06","modified_gmt":"2023-06-02T05:33:06","slug":"login","status":"publish","type":"page","link":"https:\/\/renadep.com\/renadep_r\/index.php\/login\/","title":{"rendered":"Iniciar sesi\u00f3n"},"content":{"rendered":"<div class=\"\" style=\"\" >\n    \n    <section class=\"u-align-center u-clearfix u-container-align-center u-section-2\" id=\"carousel_1ca9\">\n      <div class=\"u-clearfix u-sheet u-valign-middle-sm u-sheet-1\">\n        <div class=\"u-clearfix u-gutter-24 u-layout-wrap u-layout-wrap-1\">\n          <div class=\"u-layout\">\n            <div class=\"u-layout-row\">\n              <div class=\"u-container-style u-layout-cell u-size-29 u-layout-cell-1\">\n                <div class=\"u-container-layout u-container-layout-1\">\n                  <h1 class=\"u-align-center u-custom-font u-font-roboto u-text u-title u-text-1\">Iniciar sesi\u00f3n<\/h1>\n                  <p class=\"u-align-center u-custom-font u-font-roboto u-text u-text-2\"> Utiliza el usuario y contrase\u00f1a que te fue proporcionado por la coordinaci\u00f3n.<\/p>\n                  <div class=\"u-expanded-width u-shortcode u-shortcode-1\">\n<div class=\"um um-login um-446\">\n\t<div class=\"um-form\">\n\t\t<form method=\"post\" action=\"\" autocomplete=\"off\">\n\t\t\t<div class=\"um-row _um_row_1 \" style=\"margin: 0 0 30px 0;\"><div class=\"um-col-1\"><div  id=\"um_field_446_username\" class=\"um-field um-field-text  um-field-username um-field-text um-field-type_text\" data-key=\"username\"><div class=\"um-field-label\"><label for=\"username-446\">Nombre de usuario o correo electr\u00f3nico:<\/label><div class=\"um-clear\"><\/div><\/div><div class=\"um-field-area\"><input  autocomplete=\"off\" class=\"um-form-field valid \" type=\"text\" name=\"username-446\" id=\"username-446\" value=\"\" placeholder=\"\" data-validate=\"unique_username_or_email\" data-key=\"username\"  aria-invalid=\"false\" \/>\n\n\t\t\t\t\t\t<\/div><\/div><div  id=\"um_field_446_user_password\" class=\"um-field um-field-password  um-field-user_password um-field-password um-field-type_password\" data-key=\"user_password\"><div class=\"um-field-label\"><label for=\"user_password-446\">Contrase\u00f1a<\/label><div class=\"um-clear\"><\/div><\/div><div class=\"um-field-area\"><input class=\"um-form-field valid \" type=\"password\" name=\"user_password-446\" id=\"user_password-446\" value=\"\" placeholder=\"\" data-validate=\"\" data-key=\"user_password\"  aria-invalid=\"false\" \/>\n\n\t\t\t\t\t\t\t<\/div><\/div><\/div><\/div>\t<input type=\"hidden\" name=\"form_id\" id=\"form_id_446\" value=\"446\" \/>\n\t\t<p class=\"um_request_name\">\n\t\t<label for=\"um_request_446\">Only fill in if you are not human<\/label>\n\t\t<input type=\"hidden\" name=\"um_request\" id=\"um_request_446\" class=\"input\" value=\"\" size=\"25\" autocomplete=\"off\" \/>\n\t<\/p>\n\t<input type=\"hidden\" id=\"_wpnonce\" name=\"_wpnonce\" value=\"891c360b20\" \/><input type=\"hidden\" name=\"_wp_http_referer\" value=\"\/renadep_r\/index.php\/wp-json\/wp\/v2\/pages\/450\" \/>\n\t<div class=\"um-col-alt\">\n\n\t\t\n\n\t\t\t<div class=\"um-field um-field-c\">\n\t\t\t\t<div class=\"um-field-area\">\n\t\t\t\t\t<label class=\"um-field-checkbox\">\n\t\t\t\t\t\t<input type=\"checkbox\" name=\"rememberme\" value=\"1\"  \/>\n\t\t\t\t\t\t<span class=\"um-field-checkbox-state\"><i class=\"um-icon-android-checkbox-outline-blank\"><\/i><\/span>\n\t\t\t\t\t\t<span class=\"um-field-checkbox-option\"> Mantenerme conectado<\/span>\n\t\t\t\t\t<\/label>\n\t\t\t\t<\/div>\n\t\t\t<\/div>\n\n\t\t\t\t\t\t<div class=\"um-clear\"><\/div>\n\t\t\n\t\t\t<div class=\"um-left um-half\">\n\t\t\t\t<input type=\"submit\" value=\"Iniciar sesi\u00f3n\" class=\"um-button\" id=\"um-submit-btn\" \/>\n\t\t\t<\/div>\n\t\t\t<div class=\"um-right um-half\">\n\t\t\t\t<a href=\"https:\/\/renadep.com\/renadep_r\/index.php\/register\/\" class=\"um-button um-alt\">\n\t\t\t\t\tRegistro\t\t\t\t<\/a>\n\t\t\t<\/div>\n\n\t\t\n\t\t<div class=\"um-clear\"><\/div>\n\n\t<\/div>\n\n\t\n\t<div class=\"um-col-alt-b\">\n\t\t<a href=\"https:\/\/renadep.com\/renadep_r\/index.php\/password-reset\/\" class=\"um-link-alt\">\n\t\t\t\u00bfHas olvidado tu contrase\u00f1a?\t\t<\/a>\n\t<\/div>\n\n\t\t\t<\/form>\n\t<\/div>\n<\/div>\n<style>\n\t\t\t.um-446.um {\n\t\t\tmax-width: 450px;\n\t\t}\n\t\t<\/style>\n<\/div>\n                <\/div>\n              <\/div>\n              <div class=\"u-container-style u-grey-5 u-layout-cell u-size-31 u-layout-cell-2\">\n                <div class=\"u-container-layout u-container-layout-2\">\n                  <h4 class=\"u-align-center u-custom-font u-font-roboto u-text u-text-3\"> CORRECCI\u00d3N DE DATOS<\/h4>\n                  <div class=\"u-expanded-width-xs u-list u-list-1\">\n                    <div class=\"u-repeater u-repeater-1\">\n                      <div class=\"u-container-style u-list-item u-repeater-item\">\n                        <div class=\"u-container-layout u-similar-container u-container-layout-3\"><span class=\"u-file-icon u-icon u-icon-circle u-palette-1-base u-icon-1\"><img decoding=\"async\" src=\"https:\/\/renadep.com\/renadep_r\/wp-content\/uploads\/2023\/06\/6947561-1.png\" alt=\"\"><\/span>\n                          <div class=\"u-align-justify u-container-align-left-lg u-container-align-left-md u-container-align-left-sm u-container-align-left-xl u-container-style u-expanded-width-xs u-group u-group-1\">\n                            <div class=\"u-container-layout u-valign-top-xl u-container-layout-4\">\n                              <p class=\"u-custom-font u-font-roboto u-text u-text-4\"> Si sus datos de egreso no corresponden con la informaci\u00f3n publicada, puede solicitar la correcci\u00f3n de datos por omisi\u00f3n y\/o error llenando el&nbsp;<a class=\"cm_anchor u-btn u-button-style u-text-palette-1-base u-btn-1\" href=\"https:\/\/www.educadeporte.edu.mx\/formulario-de-aclaracion\/\" target=\"_blank\" rel=\"noopener\">siguiente formulario.<\/a>.\n                              <\/p>\n                            <\/div>\n                          <\/div>\n                        <\/div>\n                      <\/div>\n                      <div class=\"u-container-style u-list-item u-repeater-item\">\n                        <div class=\"u-container-layout u-similar-container u-container-layout-5\"><span class=\"u-file-icon u-icon u-icon-circle u-palette-1-base u-icon-2\"><img decoding=\"async\" src=\"https:\/\/renadep.com\/renadep_r\/wp-content\/uploads\/2023\/06\/6947566.png\" alt=\"\"><\/span>\n                          <div class=\"u-align-justify u-container-align-left u-container-style u-expanded-width-xs u-group u-video-cover u-group-2\">\n                            <div class=\"u-container-layout u-valign-top-xl u-container-layout-6\">\n                              <p class=\"u-custom-font u-font-roboto u-text u-text-default-xl u-text-5\"> Le recordamos que es necesario tener a la mano el documento motivo de la controversia y\/o aclaraci\u00f3n. El tiempo de respuesta v\u00eda internet es de 10 d\u00edas h\u00e1biles, \u00f3 bien:<\/p>\n                            <\/div>\n                          <\/div>\n                        <\/div>\n                      <\/div>\n                      <div class=\"u-container-style u-list-item u-repeater-item\">\n                        <div class=\"u-container-layout u-similar-container u-container-layout-7\"><span class=\"u-file-icon u-icon u-icon-circle u-palette-1-base u-icon-3\"><img decoding=\"async\" src=\"https:\/\/renadep.com\/renadep_r\/wp-content\/uploads\/2023\/06\/6947565.png\" alt=\"\"><\/span>\n                          <div class=\"u-align-justify u-container-align-left u-container-style u-expanded-width-xs u-group u-video-cover u-group-3\">\n                            <div class=\"u-container-layout u-valign-top-xl u-container-layout-8\">\n                              <p class=\"u-custom-font u-font-roboto u-text u-text-default-xl u-text-6\"> Puede acudir personalmente a las oficinas de la Asociaci\u00f3n Nacional de Cultura F\u00edsica y Deporte y llevar consigo copias simples de los documentos que acrediten dicho tr\u00e1mite.<\/p>\n                            <\/div>\n                          <\/div>\n                        <\/div>\n                      <\/div>\n                      <div class=\"u-container-style u-list-item u-repeater-item\">\n                        <div class=\"u-container-layout u-similar-container u-container-layout-9\"><span class=\"u-file-icon u-icon u-icon-circle u-palette-1-base u-icon-4\"><img decoding=\"async\" src=\"https:\/\/renadep.com\/renadep_r\/wp-content\/uploads\/2023\/06\/6947559.png\" alt=\"\"><\/span>\n                          <div class=\"u-align-justify u-container-align-left-xl u-container-style u-expanded-width-xs u-group u-video-cover u-group-4\">\n                            <div class=\"u-container-layout u-valign-top-xl u-container-layout-10\">\n                              <p class=\"u-custom-font u-font-roboto u-text u-text-default-xl u-text-7\"> El horario de atenci\u00f3n es de Lunes a Viernes de 09:00 a 18:00 hrs.<br>Tambi\u00e9n puedes escribirnos al siguiente correo: direccion.operativa@educadeporte.edu.mx<br>\n                              <\/p>\n                            <\/div>\n                          <\/div>\n                        <\/div>\n                      <\/div>\n                    <\/div>\n                  <\/div>\n                <\/div>\n              <\/div>\n            <\/div>\n          <\/div>\n        <\/div>\n      <\/div>\n    <\/section>\n    \n    \n    \n  \n<\/div>","protected":false},"excerpt":{"rendered":"<p>Iniciar sesi\u00f3n Utiliza el usuario y contrase\u00f1a que te fue proporcionado por la coordinaci\u00f3n. Nombre de usuario o correo electr\u00f3nico: Contrase\u00f1a Only fill in if you are not human Mantenerme conectado Registro \u00bfHas olvidado tu contrase\u00f1a? CORRECCI\u00d3N DE DATOS Si sus datos de egreso no corresponden con la informaci\u00f3n publicada, puede solicitar la correcci\u00f3n de [&hellip;]<\/p>\n","protected":false},"author":3732,"featured_media":0,"parent":0,"menu_order":0,"comment_status":"closed","ping_status":"closed","template":"","meta":{"footnotes":""},"class_list":["post-450","page","type-page","status-publish","hentry"],"_links":{"self":[{"href":"https:\/\/renadep.com\/renadep_r\/index.php\/wp-json\/wp\/v2\/pages\/450","targetHints":{"allow":["GET"]}}],"collection":[{"href":"https:\/\/renadep.com\/renadep_r\/index.php\/wp-json\/wp\/v2\/pages"}],"about":[{"href":"https:\/\/renadep.com\/renadep_r\/index.php\/wp-json\/wp\/v2\/types\/page"}],"author":[{"embeddable":true,"href":"https:\/\/renadep.com\/renadep_r\/index.php\/wp-json\/wp\/v2\/users\/3732"}],"replies":[{"embeddable":true,"href":"https:\/\/renadep.com\/renadep_r\/index.php\/wp-json\/wp\/v2\/comments?post=450"}],"version-history":[{"count":3,"href":"https:\/\/renadep.com\/renadep_r\/index.php\/wp-json\/wp\/v2\/pages\/450\/revisions"}],"predecessor-version":[{"id":547,"href":"https:\/\/renadep.com\/renadep_r\/index.php\/wp-json\/wp\/v2\/pages\/450\/revisions\/547"}],"wp:attachment":[{"href":"https:\/\/renadep.com\/renadep_r\/index.php\/wp-json\/wp\/v2\/media?parent=450"}],"curies":[{"name":"wp","href":"https:\/\/api.w.org\/{rel}","templated":true}]}}