{"id":2870,"date":"2024-01-05T04:37:05","date_gmt":"2024-01-05T04:37:05","guid":{"rendered":"https:\/\/renadep.com\/renadep_r\/?page_id=2870"},"modified":"2025-06-18T19:53:28","modified_gmt":"2025-06-18T19:53:28","slug":"avisos","status":"publish","type":"page","link":"https:\/\/renadep.com\/renadep_r\/index.php\/avisos\/","title":{"rendered":"AVISOS"},"content":{"rendered":"<div class=\"\" style=\"\" >\n    \n    <section class=\"u-align-center u-clearfix u-container-align-center u-container-align-center-xl u-container-align-center-xxl u-grey-5 u-section-2\" id=\"sec-d225\">\n      <div class=\"u-clearfix u-sheet u-sheet-1\">\n        <h2 class=\"u-align-center u-custom-font u-font-roboto u-text u-text-1\"> AVISOS&nbsp;<\/h2>\n        <div class=\"u-expanded-width u-gallery u-layout-horizontal u-lightbox u-no-transition u-show-text-on-hover u-width-fixed u-gallery-1\">\n          <div class=\"u-gallery-inner\"><div class=\"u-effect-fade u-gallery-item u-gallery-item-1\" data-image-width=\"1132\" data-image-height=\"1131\"><div class=\"u-back-slide\" data-image-width=\"1135\" data-image-height=\"1129\"><img decoding=\"async\" class=\"u-back-image u-back-image-1\" src=\"https:\/\/renadep.com\/renadep_r\/wp-content\/uploads\/2024\/05\/IMG-20240507-WA0040.jpg\">\n<\/div><div class=\"u-over-slide u-shading u-over-slide-1\"><\/div>\n<\/div><\/div>\n          <a class=\"u-absolute-vcenter u-gallery-nav u-gallery-nav-prev u-grey-70 u-icon-circle u-opacity u-opacity-70 u-spacing-10 u-text-white u-gallery-nav-1\" href=\"#\" role=\"button\">\n            <span aria-hidden=\"true\">\n              <svg viewBox=\"0 0 451.847 451.847\"><path d=\"M97.141,225.92c0-8.095,3.091-16.192,9.259-22.366L300.689,9.27c12.359-12.359,32.397-12.359,44.751,0\nc12.354,12.354,12.354,32.388,0,44.748L173.525,225.92l171.903,171.909c12.354,12.354,12.354,32.391,0,44.744\nc-12.354,12.365-32.386,12.365-44.745,0l-194.29-194.281C100.226,242.115,97.141,234.018,97.141,225.92z\"><\/path><\/svg>\n            <\/span>\n            <span class=\"sr-only\">\n              <svg viewBox=\"0 0 451.847 451.847\"><path d=\"M97.141,225.92c0-8.095,3.091-16.192,9.259-22.366L300.689,9.27c12.359-12.359,32.397-12.359,44.751,0\nc12.354,12.354,12.354,32.388,0,44.748L173.525,225.92l171.903,171.909c12.354,12.354,12.354,32.391,0,44.744\nc-12.354,12.365-32.386,12.365-44.745,0l-194.29-194.281C100.226,242.115,97.141,234.018,97.141,225.92z\"><\/path><\/svg>\n            <\/span>\n          <\/a>\n          <a class=\"u-gallery-nav u-gallery-nav-next u-grey-70 u-icon-circle u-opacity u-opacity-70 u-spacing-10 u-text-white u-gallery-nav-2\" href=\"#\" role=\"button\">\n            <span aria-hidden=\"true\">\n              <svg viewBox=\"0 0 451.846 451.847\"><path d=\"M345.441,248.292L151.154,442.573c-12.359,12.365-32.397,12.365-44.75,0c-12.354-12.354-12.354-32.391,0-44.744\nL278.318,225.92L106.409,54.017c-12.354-12.359-12.354-32.394,0-44.748c12.354-12.359,32.391-12.359,44.75,0l194.287,194.284\nc6.177,6.18,9.262,14.271,9.262,22.366C354.708,234.018,351.617,242.115,345.441,248.292z\"><\/path><\/svg>\n            <\/span>\n            <span class=\"sr-only\">\n              <svg viewBox=\"0 0 451.846 451.847\"><path d=\"M345.441,248.292L151.154,442.573c-12.359,12.365-32.397,12.365-44.75,0c-12.354-12.354-12.354-32.391,0-44.744\nL278.318,225.92L106.409,54.017c-12.354-12.359-12.354-32.394,0-44.748c12.354-12.359,32.391-12.359,44.75,0l194.287,194.284\nc6.177,6.18,9.262,14.271,9.262,22.366C354.708,234.018,351.617,242.115,345.441,248.292z\"><\/path><\/svg>\n            <\/span>\n          <\/a>\n        <\/div>\n        <h6 class=\"u-align-center u-custom-font u-font-roboto u-text u-text-2\">\n          <span style=\"font-weight: 700;\"> \u00a1Atenci\u00f3n, capacitadores CCARI!<\/span>\n          <br>Les informamos que <span style=\"font-weight: 700;\">el jueves 1 de mayo de 2025 S\u00cd habr\u00e1 servicio<\/span> en el Colegio de Capacitadores Registrados Independientes.<br>\n          <span style=\"font-weight: 700;\">\u00a1No se suspende!<\/span>\n          <br>\n          <br>Recuerden que los tr\u00e1mites de ingreso, egreso y correlativos se realizan \u00fanicamente los jueves, en horario de 12:00 a 18:00 hrs.<br>\n          <br>\n          <span style=\"font-weight: 700;\">\u00a1Los esperamos!<\/span>\n          <br>Gracias por su colaboraci\u00f3n y compromiso con la formaci\u00f3n profesional.<br>\n          <br>#CCARI #AvisoImportante #Capacitaci\u00f3n #Educaci\u00f3nContinua<br>&#x1f4da;&#x1f5c2;&#x2705;<br>\n        <\/h6>\n        <h2 class=\"u-align-center u-custom-font u-font-roboto u-text u-text-3\">Gu\u00eda informativa de actualizaci\u00f3n 20\u200b25<br>\n        <\/h2>\n        <img decoding=\"async\" class=\"u-image u-image-default u-image-1\" src=\"https:\/\/renadep.com\/renadep_r\/wp-content\/uploads\/2025\/01\/PORTADA.jpg\" alt=\"\" data-image-width=\"1266\" data-image-height=\"712\">\n        <div class=\"custom-expanded u-clearfix u-custom-html u-custom-html-1\">\n          <p style=\"\u201dtext-align:\" center;\u201d=\"\">\n            <span style=\"\u201dcolor:\" #ccffe6;\u201d=\"\">\n              <strong>\n                <a style=\"\u201dcolor:\" #0cd0b4;\u201d=\"\" download=\"\" href=\"https:\/\/renadep.com\/renadep_r\/avisos\/actualizacion_2025.pdf\">Descargar Presentaci\u00f3n 2025<\/a>\n              <\/strong>\n            <\/span>\n          <\/p>\n        <\/div>\n      <\/div>\n    <\/section>\n    \n    \n    \n  \n<\/div>","protected":false},"excerpt":{"rendered":"<p>AVISOS&nbsp; \u00a1Atenci\u00f3n, capacitadores CCARI! Les informamos que el jueves 1 de mayo de 2025 S\u00cd habr\u00e1 servicio en el Colegio de Capacitadores Registrados Independientes. \u00a1No se suspende! Recuerden que los tr\u00e1mites de ingreso, egreso y correlativos se realizan \u00fanicamente los jueves, en horario de 12:00 a 18:00 hrs. \u00a1Los esperamos! Gracias por su colaboraci\u00f3n y [&hellip;]<\/p>\n","protected":false},"author":3732,"featured_media":0,"parent":0,"menu_order":0,"comment_status":"closed","ping_status":"closed","template":"","meta":{"footnotes":""},"class_list":["post-2870","page","type-page","status-publish","hentry"],"_links":{"self":[{"href":"https:\/\/renadep.com\/renadep_r\/index.php\/wp-json\/wp\/v2\/pages\/2870","targetHints":{"allow":["GET"]}}],"collection":[{"href":"https:\/\/renadep.com\/renadep_r\/index.php\/wp-json\/wp\/v2\/pages"}],"about":[{"href":"https:\/\/renadep.com\/renadep_r\/index.php\/wp-json\/wp\/v2\/types\/page"}],"author":[{"embeddable":true,"href":"https:\/\/renadep.com\/renadep_r\/index.php\/wp-json\/wp\/v2\/users\/3732"}],"replies":[{"embeddable":true,"href":"https:\/\/renadep.com\/renadep_r\/index.php\/wp-json\/wp\/v2\/comments?post=2870"}],"version-history":[{"count":5,"href":"https:\/\/renadep.com\/renadep_r\/index.php\/wp-json\/wp\/v2\/pages\/2870\/revisions"}],"predecessor-version":[{"id":14885,"href":"https:\/\/renadep.com\/renadep_r\/index.php\/wp-json\/wp\/v2\/pages\/2870\/revisions\/14885"}],"wp:attachment":[{"href":"https:\/\/renadep.com\/renadep_r\/index.php\/wp-json\/wp\/v2\/media?parent=2870"}],"curies":[{"name":"wp","href":"https:\/\/api.w.org\/{rel}","templated":true}]}}